
{"id":11113,"date":"2025-03-31T13:43:16","date_gmt":"2025-03-31T04:43:16","guid":{"rendered":"https:\/\/thesealofthesun-fukushima.film\/?page_id=11113"},"modified":"2025-05-01T10:30:06","modified_gmt":"2025-05-01T01:30:06","slug":"contact-us","status":"publish","type":"page","link":"https:\/\/thesealofthesun-fukushima.film\/pt\/contact-us\/","title":{"rendered":"Fale Conosco"},"content":{"rendered":"<section class=\"wpb-content-wrapper\"><p>[vc_row][vc_column width=&#8221;1\/6&#8243; offset=&#8221;vc_hidden-xs&#8221;][\/vc_column][vc_column width=&#8221;2\/3&#8243;][vc_column_text]Para d\u00favidas ou sugest\u00f5es, entre em contato a qualquer momento!<br \/>\nPara organizar uma exibi\u00e7\u00e3o do filme, por favor, informe os seguintes dados:<br \/>\n&#8211; Nome da institui\u00e7\u00e3o<br \/>\n&#8211; Data do evento<br \/>\n&#8211; Local e capacidade<br \/>\n&#8211; P\u00fablico-alvo<\/p>\n<p>Podemos fornecer materiais do filme, suporte t\u00e9cnico, estrat\u00e9gias de divulga\u00e7\u00e3o e mais.<br \/>\nUm respons\u00e1vel entrar\u00e1 em contato em breve com detalhes.[\/vc_column_text][vc_empty_space][vc_column_text]<\/p>\n<p style=\"text-align: center;\">\n<div class=\"wpcf7 no-js\" id=\"wpcf7-f11178-o1\" lang=\"pt-BR\" dir=\"ltr\">\n<div class=\"screen-reader-response\"><p role=\"status\" aria-live=\"polite\" aria-atomic=\"true\"><\/p> <ul><\/ul><\/div>\n<form action=\"\/pt\/wp-json\/wp\/v2\/pages\/11113#wpcf7-f11178-o1\" method=\"post\" class=\"wpcf7-form init\" aria-label=\"Contact form\" novalidate=\"novalidate\" data-status=\"init\">\n<div style=\"display: none;\">\n<input type=\"hidden\" name=\"_wpcf7\" value=\"11178\" \/>\n<input type=\"hidden\" name=\"_wpcf7_version\" value=\"5.8\" \/>\n<input type=\"hidden\" name=\"_wpcf7_locale\" value=\"\" \/>\n<input type=\"hidden\" name=\"_wpcf7_unit_tag\" value=\"wpcf7-f11178-o1\" \/>\n<input type=\"hidden\" name=\"_wpcf7_container_post\" value=\"0\" \/>\n<input type=\"hidden\" name=\"_wpcf7_posted_data_hash\" value=\"\" \/>\n<\/div>\n<p><label> Seu nome<br \/>\n<span class=\"wpcf7-form-control-wrap\" data-name=\"your-name\"><input size=\"40\" class=\"wpcf7-form-control wpcf7-text wpcf7-validates-as-required\" autocomplete=\"name\" aria-required=\"true\" aria-invalid=\"false\" value=\"\" type=\"text\" name=\"your-name\" \/><\/span> <\/label>\n<\/p>\n<p><label> Seu e-mail<br \/>\n<span class=\"wpcf7-form-control-wrap\" data-name=\"your-email\"><input size=\"40\" class=\"wpcf7-form-control wpcf7-email wpcf7-validates-as-required wpcf7-text wpcf7-validates-as-email\" autocomplete=\"email\" aria-required=\"true\" aria-invalid=\"false\" value=\"\" type=\"email\" name=\"your-email\" \/><\/span> <\/label>\n<\/p>\n<p><label> Assunto<br \/>\n<span class=\"wpcf7-form-control-wrap\" data-name=\"your-subject\"><select class=\"wpcf7-form-control wpcf7-select wpcf7-validates-as-required\" aria-required=\"true\" aria-invalid=\"false\" name=\"your-subject\"><option value=\"Selecione um assunto\">Selecione um assunto<\/option><option value=\"Consulta geral (g)\">Consulta geral (g)<\/option><option value=\"Consulta sobre sess\u00e3o de cinema (f)\">Consulta sobre sess\u00e3o de cinema (f)<\/option><\/select><\/span> <\/label>\n<\/p>\n<p><label> Sua mensagem (opcional)<br \/>\n<span class=\"wpcf7-form-control-wrap\" data-name=\"your-message\"><textarea cols=\"40\" rows=\"10\" class=\"wpcf7-form-control wpcf7-textarea\" aria-invalid=\"false\" name=\"your-message\"><\/textarea><\/span> <\/label>\n<\/p>\n<p><input class=\"wpcf7-form-control wpcf7-submit has-spinner\" type=\"submit\" value=\"Enviar\" \/>\n<\/p><input type='hidden' class='wpcf7-pum' value='{\"closepopup\":false,\"closedelay\":0,\"openpopup\":false,\"openpopup_id\":0}' \/><div class=\"wpcf7-response-output\" aria-hidden=\"true\"><\/div>\n<\/form>\n<\/div>\n<p>[\/vc_column_text][\/vc_column][vc_column width=&#8221;1\/6&#8243;][\/vc_column][\/vc_row]<\/p>\n<\/section>","protected":false},"excerpt":{"rendered":"<p>[vc_row][vc_column width=&#8221;1\/6&#8243; offset=&#8221;vc_hidden-xs&#8221;][\/vc_column][vc_column width=&#8221;2\/3&#8243;][vc_column_text]Para d\u00favidas ou sugest\u00f5es, entre em contato  [&#8230;]<\/p>\n","protected":false},"author":1,"featured_media":0,"parent":0,"menu_order":8,"comment_status":"closed","ping_status":"closed","template":"","meta":{"_exactmetrics_skip_tracking":false,"_exactmetrics_sitenote_active":false,"_exactmetrics_sitenote_note":"","_exactmetrics_sitenote_category":0,"_glsr_average":0,"_glsr_ranking":0,"_glsr_reviews":0,"footnotes":""},"class_list":["post-11113","page","type-page","status-publish","hentry"],"_links":{"self":[{"href":"https:\/\/thesealofthesun-fukushima.film\/pt\/wp-json\/wp\/v2\/pages\/11113","targetHints":{"allow":["GET"]}}],"collection":[{"href":"https:\/\/thesealofthesun-fukushima.film\/pt\/wp-json\/wp\/v2\/pages"}],"about":[{"href":"https:\/\/thesealofthesun-fukushima.film\/pt\/wp-json\/wp\/v2\/types\/page"}],"author":[{"embeddable":true,"href":"https:\/\/thesealofthesun-fukushima.film\/pt\/wp-json\/wp\/v2\/users\/1"}],"replies":[{"embeddable":true,"href":"https:\/\/thesealofthesun-fukushima.film\/pt\/wp-json\/wp\/v2\/comments?post=11113"}],"version-history":[{"count":3,"href":"https:\/\/thesealofthesun-fukushima.film\/pt\/wp-json\/wp\/v2\/pages\/11113\/revisions"}],"predecessor-version":[{"id":11943,"href":"https:\/\/thesealofthesun-fukushima.film\/pt\/wp-json\/wp\/v2\/pages\/11113\/revisions\/11943"}],"wp:attachment":[{"href":"https:\/\/thesealofthesun-fukushima.film\/pt\/wp-json\/wp\/v2\/media?parent=11113"}],"curies":[{"name":"wp","href":"https:\/\/api.w.org\/{rel}","templated":true}]}}